{"id":2980,"date":"2023-09-28T16:02:49","date_gmt":"2023-09-28T16:02:49","guid":{"rendered":"https:\/\/onlywoodbcn.net\/?page_id=2980"},"modified":"2023-09-28T17:07:58","modified_gmt":"2023-09-28T17:07:58","slug":"declaracion-de-accesibilidad","status":"publish","type":"page","link":"https:\/\/onlywoodbcn.net\/de\/declaracion-de-accesibilidad\/","title":{"rendered":"Erkl\u00e4rung zur Barrierefreiheit"},"content":{"rendered":"<p>Online Vall\u00e9s hat sich dazu verpflichtet, seine Website gem\u00e4\u00df dem K\u00f6niglichen Erlass 1112\/2018 vom 7. September \u00fcber die Barrierefreiheit von Websites und Anwendungen f\u00fcr mobile Ger\u00e4te im \u00f6ffentlichen Sektor zug\u00e4nglich zu machen.<\/p>\n\n\n\n<p>Diese Erkl\u00e4rung zur Barrierefreiheit gilt f\u00fcr diese Website.<\/p>\n\n\n\n<h2 class=\"wp-block-heading\">Compliance-Status<\/h2>\n\n\n\n<p>Diese Website wurde gem\u00e4\u00df RD 1112\/2018 entwickelt<\/p>\n\n\n\n<h2 class=\"wp-block-heading\">Vorbereitung f\u00fcr die n\u00e4chste Erkl\u00e4rung zur Barrierefreiheit<\/h2>\n\n\n\n<p>Diese Erkl\u00e4rung wurde am 20. Mai 2023 erstellt.<\/p>\n\n\n\n<p>Als Methode zur Erstellung der Erkl\u00e4rung diente eine Selbsteinsch\u00e4tzung.<\/p>\n\n\n\n<h2 class=\"wp-block-heading\">Beobachtungen und Kontaktinformationen<\/h2>\n\n\n\n<p>Sie k\u00f6nnen Mitteilungen \u00fcber Barrierefreiheitsanforderungen (Artikel 10.2.a von RD 1112\/2018) machen, wie zum Beispiel:<\/p>\n\n\n\n<ul class=\"wp-block-list\">\n<li>Melden Sie jeden m\u00f6glichen Versto\u00df auf dieser Website<\/li>\n\n\n\n<li>\u00dcbertragen Sie andere Schwierigkeiten beim Zugriff auf Inhalte<\/li>\n\n\n\n<li>Stellen Sie weitere Fragen oder Verbesserungsvorschl\u00e4ge bez\u00fcglich der Zug\u00e4nglichkeit der Website \u00fcber das Kontaktformular auf dieser Website oder \u00fcber die Telefonnummer 93 768 52 49<\/li>\n<\/ul>\n\n\n\n<p>Sie k\u00f6nnen Folgendes vorlegen:<\/p>\n\n\n\n<ul class=\"wp-block-list\">\n<li>Beschwerde bez\u00fcglich der Einhaltung der Anforderungen von RD 1112\/2018<\/li>\n\n\n\n<li>Anfrage nach barrierefreien Informationen zu:\n<ul class=\"wp-block-list\">\n<li>Inhalte, die gem\u00e4\u00df den Bestimmungen in Artikel 3, Abschnitt 4 vom Anwendungsbereich der RD 1112\/2018 ausgeschlossen sind<\/li>\n\n\n\n<li>Inhalte, die von der Einhaltung der Barrierefreiheitsanforderungen ausgenommen sind, stellen eine unverh\u00e4ltnism\u00e4\u00dfige Belastung dar<\/li>\n\n\n\n<li>Im Antrag auf barrierefreie Informationen m\u00fcssen die Fakten, Gr\u00fcnde und der Antrag klar dargelegt werden, sodass \u00fcberpr\u00fcft werden kann, ob es sich um einen angemessenen und legitimen Antrag handelt.<\/li>\n<\/ul>\n<\/li>\n<\/ul>\n\n\n\n<p>Beschwerden und Anspr\u00fcche zu zug\u00e4nglichen Informationen werden \u00fcber die elektronische Zentrale eingereicht (<a href=\"https:\/\/sede.red.gob.es\/procedimientos\/quejas-y-sugerencias\" target=\"_blank\" rel=\"noreferrer noopener\">https:\/\/sede.red.gob.es\/procedimientos\/quejas-y-sugerencias<\/a>) und werden vom Bereich Informationssysteme von Red.es empfangen und verarbeitet.<\/p>\n\n\n\n<h2 class=\"wp-block-heading\">Optionaler Inhalt<\/h2>\n\n\n\n<ul class=\"wp-block-list\">\n<li>Wenn Sie die Schriftgr\u00f6\u00dfe des Textes in den wichtigsten grafischen Browsern \u00e4ndern m\u00f6chten, verwenden Sie die folgenden Men\u00fcs:<\/li>\n\n\n\n<li>Safari: Ansicht &gt; Text vergr\u00f6\u00dfern<\/li>\n\n\n\n<li>Chrome: Aktuelle Seite steuern &gt; Textgr\u00f6\u00dfe<\/li>\n<\/ul>\n\n\n\n<p>So \u00e4ndern Sie die Gr\u00f6\u00dfe aller Elemente auf der Seite:<\/p>\n\n\n\n<p>Online Vall\u00e9s hat sich dazu verpflichtet, seine Website gem\u00e4\u00df dem K\u00f6niglichen Erlass 1112\/2018 vom 7. September \u00fcber die Barrierefreiheit von Websites und Anwendungen f\u00fcr mobile Ger\u00e4te im \u00f6ffentlichen Sektor zug\u00e4nglich zu machen.<\/p>\n\n\n\n<p>Diese Erkl\u00e4rung zur Barrierefreiheit gilt f\u00fcr diese Website.<\/p>\n\n\n\n<h2 class=\"wp-block-heading\">Compliance-Status<\/h2>\n\n\n\n<p>Diese Website wurde gem\u00e4\u00df RD 1112\/2018 entwickelt<\/p>\n\n\n\n<h2 class=\"wp-block-heading\">Vorbereitung f\u00fcr die n\u00e4chste Erkl\u00e4rung zur Barrierefreiheit<\/h2>\n\n\n\n<p>Diese Erkl\u00e4rung wurde am 20. Mai 2023 erstellt.<\/p>\n\n\n\n<p>Als Methode zur Erstellung der Erkl\u00e4rung diente eine Selbsteinsch\u00e4tzung.<\/p>\n\n\n\n<h2 class=\"wp-block-heading\">Beobachtungen und Kontaktinformationen<\/h2>\n\n\n\n<p>Sie k\u00f6nnen Mitteilungen \u00fcber Barrierefreiheitsanforderungen (Artikel 10.2.a von RD 1112\/2018) machen, wie zum Beispiel:<\/p>\n\n\n\n<ul class=\"wp-block-list\">\n<li>Melden Sie jeden m\u00f6glichen Versto\u00df auf dieser Website<\/li>\n\n\n\n<li>\u00dcbertragen Sie andere Schwierigkeiten beim Zugriff auf Inhalte<\/li>\n\n\n\n<li>Stellen Sie weitere Fragen oder Verbesserungsvorschl\u00e4ge bez\u00fcglich der Zug\u00e4nglichkeit der Website \u00fcber das Kontaktformular auf dieser Website oder \u00fcber die Telefonnummer 93 768 52 49<\/li>\n<\/ul>\n\n\n\n<p>Sie k\u00f6nnen Folgendes vorlegen:<\/p>\n\n\n\n<ul class=\"wp-block-list\">\n<li>Beschwerde bez\u00fcglich der Einhaltung der Anforderungen von RD 1112\/2018<\/li>\n\n\n\n<li>Anfrage nach barrierefreien Informationen zu:\n<ul class=\"wp-block-list\">\n<li>Inhalte, die gem\u00e4\u00df den Bestimmungen in Artikel 3, Abschnitt 4 vom Anwendungsbereich der RD 1112\/2018 ausgeschlossen sind<\/li>\n\n\n\n<li>Inhalte, die von der Einhaltung der Barrierefreiheitsanforderungen ausgenommen sind, stellen eine unverh\u00e4ltnism\u00e4\u00dfige Belastung dar<\/li>\n\n\n\n<li>Im Antrag auf barrierefreie Informationen m\u00fcssen die Fakten, Gr\u00fcnde und der Antrag klar dargelegt werden, sodass \u00fcberpr\u00fcft werden kann, ob es sich um einen angemessenen und legitimen Antrag handelt.<\/li>\n<\/ul>\n<\/li>\n<\/ul>\n\n\n\n<p>Beschwerden und Anspr\u00fcche zu zug\u00e4nglichen Informationen werden \u00fcber die elektronische Zentrale eingereicht (<a href=\"https:\/\/sede.red.gob.es\/procedimientos\/quejas-y-sugerencias\" target=\"_blank\" rel=\"noreferrer noopener\">https:\/\/sede.red.gob.es\/procedimientos\/quejas-y-sugerencias<\/a>) und werden vom Bereich Informationssysteme von Red.es empfangen und verarbeitet.<\/p>\n\n\n\n<h2 class=\"wp-block-heading\">Optionaler Inhalt<\/h2>\n\n\n\n<ul class=\"wp-block-list\">\n<li>Wenn Sie die Schriftgr\u00f6\u00dfe des Textes in den wichtigsten grafischen Browsern \u00e4ndern m\u00f6chten, verwenden Sie die folgenden Men\u00fcs:<\/li>\n\n\n\n<li>Safari: Ansicht &gt; Text vergr\u00f6\u00dfern<\/li>\n\n\n\n<li>Chrome: Aktuelle Seite steuern &gt; Textgr\u00f6\u00dfe<\/li>\n<\/ul>\n\n\n\n<p>So \u00e4ndern Sie die Gr\u00f6\u00dfe aller Elemente auf der Seite:<\/p>\n\n\n\n<ul class=\"wp-block-list\">\n<li>Strg++, um es zu erh\u00f6hen<\/li>\n\n\n\n<li>Strg + \u2013 um es zu verringern<\/li>\n\n\n\n<li>Strg + 0 stellt die urspr\u00fcngliche Textgr\u00f6\u00dfe wieder her<\/li>\n\n\n\n<li>Wenn Sie das Stylesheet \u00fcberschreiben oder die Textfarbe \u00e4ndern m\u00f6chten, k\u00f6nnen Sie die Seite \u201eSo \u00e4ndern Sie Textgr\u00f6\u00dfe oder -farben\u201c des WAI konsultieren, die ins Spanische \u00fcbersetzt unter \u201eWie \u00e4ndere ich die Textgr\u00f6\u00dfe oder -farben?\u201c gelesen werden kann.<\/li>\n<\/ul>","protected":false},"excerpt":{"rendered":"<p>Online Vall\u00e9s hat sich dazu verpflichtet, seine Website gem\u00e4\u00df dem K\u00f6niglichen Erlass 1112\/2018 vom 7. September \u00fcber die Barrierefreiheit von Websites und Anwendungen f\u00fcr mobile Ger\u00e4te im \u00f6ffentlichen Sektor zug\u00e4nglich zu machen. Diese Erkl\u00e4rung zur Barrierefreiheit gilt f\u00fcr diese Website. Konformit\u00e4tsstatus Diese Website wurde in \u00dcbereinstimmung mit\u2026 entwickelt.<\/p>","protected":false},"author":1,"featured_media":0,"parent":0,"menu_order":6,"comment_status":"closed","ping_status":"closed","template":"","meta":{"_acf_changed":false,"_kad_blocks_custom_css":"","_kad_blocks_head_custom_js":"","_kad_blocks_body_custom_js":"","_kad_blocks_footer_custom_js":"","_kadence_starter_templates_imported_post":false,"_kad_post_transparent":"","_kad_post_title":"","_kad_post_layout":"narrow","_kad_post_sidebar_id":"","_kad_post_content_style":"","_kad_post_vertical_padding":"","_kad_post_feature":"","_kad_post_feature_position":"","_kad_post_header":false,"_kad_post_footer":false,"footnotes":""},"class_list":["post-2980","page","type-page","status-publish","hentry"],"acf":[],"taxonomy_info":[],"featured_image_src_large":false,"author_info":{"display_name":"eloi","author_link":"https:\/\/onlywoodbcn.net\/de\/author\/eloi\/"},"comment_info":0,"_links":{"self":[{"href":"https:\/\/onlywoodbcn.net\/de\/wp-json\/wp\/v2\/pages\/2980","targetHints":{"allow":["GET"]}}],"collection":[{"href":"https:\/\/onlywoodbcn.net\/de\/wp-json\/wp\/v2\/pages"}],"about":[{"href":"https:\/\/onlywoodbcn.net\/de\/wp-json\/wp\/v2\/types\/page"}],"author":[{"embeddable":true,"href":"https:\/\/onlywoodbcn.net\/de\/wp-json\/wp\/v2\/users\/1"}],"replies":[{"embeddable":true,"href":"https:\/\/onlywoodbcn.net\/de\/wp-json\/wp\/v2\/comments?post=2980"}],"version-history":[{"count":0,"href":"https:\/\/onlywoodbcn.net\/de\/wp-json\/wp\/v2\/pages\/2980\/revisions"}],"wp:attachment":[{"href":"https:\/\/onlywoodbcn.net\/de\/wp-json\/wp\/v2\/media?parent=2980"}],"curies":[{"name":"wp","href":"https:\/\/api.w.org\/{rel}","templated":true}]}}