{"id":2979,"date":"2023-09-28T16:02:33","date_gmt":"2023-09-28T16:02:33","guid":{"rendered":"https:\/\/onlywoodbcn.net\/?page_id=2979"},"modified":"2023-09-28T17:08:28","modified_gmt":"2023-09-28T17:08:28","slug":"politica-de-privacidad","status":"publish","type":"page","link":"https:\/\/onlywoodbcn.net\/de\/politica-de-privacidad\/","title":{"rendered":"Datenschutzrichtlinie"},"content":{"rendered":"<h2 class=\"wp-block-heading\">1.- INFORMATIONEN F\u00dcR DEN BENUTZER<\/h2>\n\n\n\n<p>Die Website informiert Website-Benutzer \u00fcber ihre Richtlinien bez\u00fcglich der Behandlung und des Schutzes personenbezogener Daten von Benutzern und Kunden, die beim Surfen auf ihrer Website angefordert werden k\u00f6nnen.<\/p>\n\n\n\n<p>F\u00fcr die Verarbeitung der personenbezogenen Daten des Nutzers ist die Website verantwortlich, daher informieren wir Sie im Folgenden \u00fcber die Verarbeitung Ihrer Daten:<\/p>\n\n\n\n<p><strong>Kriterien f\u00fcr die Datenaufbewahrung<\/strong>&nbsp;: Die bereitgestellten personenbezogenen Daten werden so lange aufbewahrt, bis der Betroffene die Aussetzung beantragt und seine Rechte an den Daten aus\u00fcbt, und in jedem Fall unter Einhaltung der geltenden gesetzlichen Verj\u00e4hrungsfristen.<\/p>\n\n\n\n<p><strong>Rechte der Interessenten<\/strong>&nbsp;:<\/p>\n\n\n\n<ul class=\"wp-block-list\">\n<li>Recht, Ihre Einwilligung jederzeit zu widerrufen.<\/li>\n\n\n\n<li>Recht auf Zugang, Berichtigung, L\u00f6schung, \u00dcbertragbarkeit Ihrer Daten und auf Einschr\u00e4nkung oder Widerspruch ihrer Verarbeitung sowie darauf, nicht automatisierten Einzelentscheidungen zu unterliegen.<\/li>\n<\/ul>\n\n\n\n<p><strong>Kontaktinformationen zur Aus\u00fcbung Ihrer Rechte<\/strong>:<\/p>\n\n\n\n<ul class=\"wp-block-list\">\n<li><strong>Netz<\/strong>: onlywoodbcn.net<\/li>\n\n\n\n<li><strong>Verantwortlich:&nbsp;<\/strong>Hans Nottellmann<\/li>\n\n\n\n<li><strong>NIF:<\/strong><\/li>\n\n\n\n<li><strong>Adresse:&nbsp;<\/strong>Cam\u00ed de la Serreta, 147. 08198 La Floresta, Barcelona<\/li>\n\n\n\n<li><strong>Telefon:&nbsp;<\/strong>+34 610 63 00 54<\/li>\n<\/ul>\n\n\n\n<h2 class=\"wp-block-heading\">2.- VOM BENUTZER BEREITGESTELLTE INFORMATIONEN<\/h2>\n\n\n\n<p>Wenn Sie unter 18 Jahre alt sind, ist die Nutzung von Formularen auf unserer Website nicht gestattet.<\/p>\n\n\n\n<p>Indem der Nutzer seine Daten in die Kontaktformulare eingibt oder in Download-Formularen bereitstellt, erkl\u00e4rt er sich ausdr\u00fccklich, frei und unmissverst\u00e4ndlich damit einverstanden, dass seine Daten f\u00fcr die Beantwortung seiner Anfrage seitens des Verantwortlichen erforderlich sind, wobei die Angabe der Daten in den Daten freiwillig ist. Die \u00fcbrigen Felder.<\/p>\n\n\n\n<p>Der Nutzer garantiert, dass die angegebenen personenbezogenen Daten der Wahrheit entsprechen und ist f\u00fcr die Mitteilung etwaiger \u00c4nderungen verantwortlich.<\/p>\n\n\n\n<p>Alle \u00fcber die Website angeforderten Daten sind erforderlich, um dem Benutzer einen optimalen Service zu bieten. Wenn nicht alle Daten bereitgestellt werden, kann nicht gew\u00e4hrleistet werden, dass die Informationen und Dienste, die Ihnen der Verantwortliche zur Verf\u00fcgung stellt, vollst\u00e4ndig an Ihre Bed\u00fcrfnisse angepasst sind.<\/p>\n\n\n\n<h2 class=\"wp-block-heading\">3.- SICHERHEITSMASSNAHMEN<\/h2>\n\n\n\n<p>Dass der Verantwortliche in \u00dcbereinstimmung mit den Bestimmungen der geltenden Vorschriften zum Schutz personenbezogener Daten alle Bestimmungen der RGPD- und LOPD-Vorschriften f\u00fcr die Verarbeitung personenbezogener Daten unter seiner Verantwortung einh\u00e4lt, die rechtm\u00e4\u00dfig, loyal und transparent verarbeitet werden Bezug auf die betroffene Partei und angemessen, relevant und auf das f\u00fcr die Zwecke, f\u00fcr die sie verarbeitet werden, Notwendige beschr\u00e4nkt.<\/p>\n\n\n\n<p>Der Verantwortliche garantiert, dass er geeignete technische und organisatorische Richtlinien implementiert hat, um die von der RGPD und der LOPD festgelegten Sicherheitsma\u00dfnahmen zum Schutz der Rechte und Freiheiten der Benutzer anzuwenden, und ihnen die entsprechenden Informationen mitgeteilt hat, damit sie diese aus\u00fcben k\u00f6nnen.<\/p>\n\n\n\n<h2 class=\"wp-block-heading\">4.- SICHERHEITSL\u00dcCKEN<\/h2>\n\n\n\n<p>Der Verantwortliche meldet jede Sicherheitsverletzung, die die von dieser Website verwendete Datenbank oder einen unserer Drittanbieterdienste, jede einzelne Person, m\u00f6glicherweise betroffene Daten und Beh\u00f6rden betrifft, innerhalb von 72 Stunden nach Feststellung der Verletzung.<\/p>\n\n\n\n<h2 class=\"wp-block-heading\">ANWENDBARES RECHT UND GERICHTSSTAND<\/h2>\n\n\n\n<p>F\u00fcr die L\u00f6sung aller Streitigkeiten oder Probleme im Zusammenhang mit dieser Website oder den durchgef\u00fchrten Aktivit\u00e4ten gilt die spanische Gesetzgebung, der sich die Parteien ausdr\u00fccklich unterwerfen und die f\u00fcr die L\u00f6sung aller Konflikte zust\u00e4ndig sind, die sich aus der Nutzung der Gerichte und Tribunale von Barcelona ergeben oder damit in Zusammenhang stehen.<\/p>","protected":false},"excerpt":{"rendered":"<p>1.- INFORMATIONEN F\u00dcR DEN BENUTZER Die Website informiert Website-Benutzer \u00fcber ihre Richtlinien bez\u00fcglich der Behandlung und des Schutzes personenbezogener Daten von Benutzern und Kunden, die beim Surfen auf ihrer Website angefordert werden k\u00f6nnen. Die Website ist verantwortlich f\u00fcr die Behandlung von\u2026<\/p>","protected":false},"author":1,"featured_media":0,"parent":0,"menu_order":7,"comment_status":"closed","ping_status":"closed","template":"","meta":{"_acf_changed":false,"_kad_blocks_custom_css":"","_kad_blocks_head_custom_js":"","_kad_blocks_body_custom_js":"","_kad_blocks_footer_custom_js":"","_kadence_starter_templates_imported_post":false,"_kad_post_transparent":"","_kad_post_title":"","_kad_post_layout":"narrow","_kad_post_sidebar_id":"","_kad_post_content_style":"","_kad_post_vertical_padding":"","_kad_post_feature":"","_kad_post_feature_position":"","_kad_post_header":false,"_kad_post_footer":false,"footnotes":""},"class_list":["post-2979","page","type-page","status-publish","hentry"],"acf":[],"taxonomy_info":[],"featured_image_src_large":false,"author_info":{"display_name":"eloi","author_link":"https:\/\/onlywoodbcn.net\/de\/author\/eloi\/"},"comment_info":0,"_links":{"self":[{"href":"https:\/\/onlywoodbcn.net\/de\/wp-json\/wp\/v2\/pages\/2979","targetHints":{"allow":["GET"]}}],"collection":[{"href":"https:\/\/onlywoodbcn.net\/de\/wp-json\/wp\/v2\/pages"}],"about":[{"href":"https:\/\/onlywoodbcn.net\/de\/wp-json\/wp\/v2\/types\/page"}],"author":[{"embeddable":true,"href":"https:\/\/onlywoodbcn.net\/de\/wp-json\/wp\/v2\/users\/1"}],"replies":[{"embeddable":true,"href":"https:\/\/onlywoodbcn.net\/de\/wp-json\/wp\/v2\/comments?post=2979"}],"version-history":[{"count":0,"href":"https:\/\/onlywoodbcn.net\/de\/wp-json\/wp\/v2\/pages\/2979\/revisions"}],"wp:attachment":[{"href":"https:\/\/onlywoodbcn.net\/de\/wp-json\/wp\/v2\/media?parent=2979"}],"curies":[{"name":"wp","href":"https:\/\/api.w.org\/{rel}","templated":true}]}}