{"id":2977,"date":"2023-09-28T16:02:02","date_gmt":"2023-09-28T16:02:02","guid":{"rendered":"https:\/\/onlywoodbcn.net\/?page_id=2977"},"modified":"2023-09-28T17:08:17","modified_gmt":"2023-09-28T17:08:17","slug":"aviso-legal","status":"publish","type":"page","link":"https:\/\/onlywoodbcn.net\/de\/aviso-legal\/","title":{"rendered":"Rechtliche Warnung"},"content":{"rendered":"<h2 class=\"wp-block-heading\">Datencontroller<\/h2>\n\n\n\n<p>In \u00dcbereinstimmung mit der Informationspflicht gem\u00e4\u00df Gesetz 34\/2002 vom 11. Juli \u00fcber Dienste der Informationsgesellschaft und elektronischen Handel teilen wir Ihnen mit, dass diese Website Eigentum von:<\/p>\n\n\n\n<ul class=\"wp-block-list\">\n<li><strong>Netz<\/strong>: onlywoodbcn.net<\/li>\n\n\n\n<li><strong>Verantwortlich:&nbsp;<\/strong>Hans Nottellmann<\/li>\n\n\n\n<li><strong>NIF:<\/strong><\/li>\n\n\n\n<li><strong>Adresse:&nbsp;<\/strong>Cam\u00ed de la Serreta, 147. 08198 La Floresta, Barcelona<\/li>\n\n\n\n<li><strong>Telefon:&nbsp;<\/strong>+34 610 63 00 54<\/li>\n<\/ul>\n\n\n\n<h2 class=\"wp-block-heading\">Objekt<\/h2>\n\n\n\n<p>Der Verantwortliche stellt dieses Dokument den Nutzern zur Verf\u00fcgung, mit denen er die Bestimmungen der geltenden Datenschutzbestimmungen und im Rahmen des neuen Rechtsrahmens einhalten m\u00f6chte, der aufgrund der Bestimmungen der Verordnung (EU) 2016\/679 geschaffen wurde des Europ\u00e4ischen Parlaments und des Rates vom 27. April 2016 zum Schutz nat\u00fcrlicher Personen bei der Verarbeitung personenbezogener Daten und zum freien Verkehr dieser Daten (im Folgenden \u201eDSGVO\u201c) sowie nationale Vorschriften zum Schutz personenbezogener Daten sowie Information aller Nutzer der Website \u00fcber die Nutzungsbedingungen der Website.<\/p>\n\n\n\n<p>Jede Person, die auf diese Website zugreift, \u00fcbernimmt die Rolle des Benutzers und verpflichtet sich zur strikten Einhaltung und Einhaltung der hier dargelegten Bestimmungen sowie aller anderen m\u00f6glicherweise anwendbaren gesetzlichen Bestimmungen.<\/p>\n\n\n\n<p>Der Verantwortliche beh\u00e4lt sich das Recht vor, jegliche Art von Informationen, die auf der Website erscheinen, zu \u00e4ndern, ohne dass eine Verpflichtung zur Benachrichtigung oder Unterrichtung der Benutzer \u00fcber diese Verpflichtungen besteht, wobei die Ver\u00f6ffentlichung auf der Website des Verantwortlichen als ausreichend angesehen wird.<\/p>\n\n\n\n<h2 class=\"wp-block-heading\">Verantwortung<\/h2>\n\n\n\n<p>Der Verantwortliche ist von jeglicher Verantwortung befreit, die sich aus den auf seiner Website ver\u00f6ffentlichten Informationen ergibt, sofern diese Informationen von einem Dritten manipuliert oder eingef\u00fchrt wurden, der nichts mit ihm zu tun hat.<\/p>\n\n\n\n<h2 class=\"wp-block-heading\">IP-Adressen<\/h2>\n\n\n\n<p>Die Website-Server erkennen m\u00f6glicherweise automatisch die vom Benutzer verwendete IP-Adresse und den Dom\u00e4nennamen.<\/p>\n\n\n\n<p>Eine IP-Adresse ist eine Nummer, die einem Computer automatisch zugewiesen wird, wenn er eine Verbindung zum Internet herstellt. Alle diese Informationen werden in einer ordnungsgem\u00e4\u00df registrierten Serveraktivit\u00e4tsdatei aufgezeichnet, die die anschlie\u00dfende Verarbeitung der Daten erm\u00f6glicht, um nur statistische Messungen zu erhalten, die es erm\u00f6glichen, die Anzahl der Seitenaufrufe, die Anzahl der Besuche auf den Webservern, die Reihenfolge der Besuche usw. zu ermitteln. Zugangspunkt usw.<\/p>\n\n\n\n<h2 class=\"wp-block-heading\">Linkrichtlinie<\/h2>\n\n\n\n<p>Von dieser Website werden Sie m\u00f6glicherweise zu Inhalten von Websites Dritter weitergeleitet. Da der Verantwortliche die von Dritten auf seinen Websites eingestellten Inhalte nicht immer kontrollieren kann, \u00fcbernimmt er keinerlei Verantwortung f\u00fcr diese Inhalte. In jedem Fall erkl\u00e4rt der Verantwortliche, dass er alle Inhalte, die gegen nationale oder internationale Gesetze, die guten Sitten oder die \u00f6ffentliche Ordnung versto\u00dfen k\u00f6nnten, unverz\u00fcglich zur\u00fcckzieht, die Weiterleitung auf diese Website unverz\u00fcglich zur\u00fcckzieht und die zust\u00e4ndigen Beh\u00f6rden \u00fcber den Inhalt informiert Frage.<\/p>\n\n\n\n<p>Der Verantwortliche ist nicht verantwortlich f\u00fcr die Informationen und Inhalte, die beispielsweise in Foren, Chats, Blog-Generatoren, Kommentaren, sozialen Netzwerken oder anderen Mitteln gespeichert werden, die es Dritten erm\u00f6glichen, Inhalte unabh\u00e4ngig auf der Website zu ver\u00f6ffentlichen der Verantwortliche. Allerdings und in \u00dcbereinstimmung mit den Bestimmungen der Kunst. Gem\u00e4\u00df Art. 11 und 16 des LSSICE stellt sich der Verantwortliche allen Nutzern, Beh\u00f6rden und Sicherheitskr\u00e4ften zur Verf\u00fcgung und wirkt aktiv an der Entfernung oder gegebenenfalls Sperrung aller Inhalte mit, die nationale oder internationale Gesetze oder Rechte Dritter beeintr\u00e4chtigen oder gegen diese versto\u00dfen k\u00f6nnten Parteien oder Moral und \u00f6ffentliche Ordnung. F\u00fcr den Fall, dass der Benutzer der Meinung ist, dass es Inhalte auf der Website gibt, die f\u00fcr diese Klassifizierung anf\u00e4llig sein k\u00f6nnten,<\/p>\n\n\n\n<p>Diese Website wurde \u00fcberpr\u00fcft und auf ihre ordnungsgem\u00e4\u00dfe Funktion getestet. Grunds\u00e4tzlich kann der ordnungsgem\u00e4\u00dfe Betrieb 365 Tage im Jahr und 24 Stunden am Tag gew\u00e4hrleistet werden. Der Verantwortliche schlie\u00dft jedoch nicht aus, dass bestimmte Programmierfehler vorliegen oder dass diese durch h\u00f6here Gewalt, Naturkatastrophen, Streiks oder \u00e4hnliche Umst\u00e4nde verursacht werden, die den Zugriff auf die Website unm\u00f6glich machen.<\/p>\n\n\n\n<h2 class=\"wp-block-heading\">Datenschutz<\/h2>\n\n\n\n<p>Der Verantwortliche verpflichtet sich zutiefst zur Einhaltung der Bestimmungen der geltenden Datenschutzvorschriften und im Rahmen des neuen Rechtsrahmens, der durch die Bestimmungen der Verordnung (EU) 2016\/679 des Europ\u00e4ischen Parlaments und des Rates vom April geschaffen wurde 27.2016 zum Schutz nat\u00fcrlicher Personen bei der Verarbeitung personenbezogener Daten und zum freien Verkehr dieser Daten (im Folgenden \u201eRGPD\u201c) sowie nationale Vorschriften zum Schutz personenbezogener Daten.<\/p>\n\n\n\n<p>Ebenso informiert der Verantwortliche dar\u00fcber, dass er das Gesetz 34\/2002 vom 11. Juli \u00fcber Dienste der Informationsgesellschaft und den elektronischen Handel einh\u00e4lt und wird jederzeit Ihre Zustimmung zur Verarbeitung Ihrer Daten f\u00fcr kommerzielle Zwecke einholen.<\/p>\n\n\n\n<h2 class=\"wp-block-heading\">Geistiges und gewerbliches Eigentum<\/h2>\n\n\n\n<p>Die Website, einschlie\u00dflich, aber nicht beschr\u00e4nkt auf ihre Programmierung, Bearbeitung, Zusammenstellung und andere f\u00fcr ihren Betrieb erforderliche Elemente, die Designs, Logos, Texte und\/oder Grafiken sind Eigentum des Verantwortlichen oder verf\u00fcgen gegebenenfalls \u00fcber eine Lizenz oder ausdr\u00fcckliche Genehmigung von Teil der Autoren.<\/p>\n\n\n\n<p>Alle Inhalte der Website sind ordnungsgem\u00e4\u00df durch die Vorschriften zum geistigen und gewerblichen Eigentum gesch\u00fctzt.<\/p>\n\n\n\n<p>Unabh\u00e4ngig vom Zweck, f\u00fcr den sie bestimmt waren, bedarf die vollst\u00e4ndige oder teilweise Vervielf\u00e4ltigung, Nutzung, Verwertung, Verbreitung und Vermarktung in jedem Fall der vorherigen schriftlichen Genehmigung des Verantwortlichen. Jede Verwendung, die nicht zuvor von der verantwortlichen Person genehmigt wurde, wird als schwerwiegende Verletzung der geistigen oder gewerblichen Eigentumsrechte des Autors angesehen.<\/p>\n\n\n\n<p>Die Designs, Logos, Texte und\/oder Grafiken, die nicht vom Leihgeber stammen und auf der Website erscheinen k\u00f6nnen, geh\u00f6ren ihren jeweiligen Eigent\u00fcmern, die f\u00fcr etwaige Kontroversen, die in Bezug auf sie entstehen k\u00f6nnen, verantwortlich sind. In jedem Fall verf\u00fcgt der Verantwortliche \u00fcber die ausdr\u00fcckliche und vorherige Genehmigung von ihm.<\/p>\n\n\n\n<p>Der Verantwortliche gestattet Dritten ausdr\u00fccklich, direkt auf die spezifischen Inhalte der Website umzuleiten, und muss in jedem Fall auf die Hauptseite der Website des Verantwortlichen weiterleiten.<\/p>\n\n\n\n<p>Der Verantwortliche erkennt die entsprechenden geistigen und gewerblichen Eigentumsrechte zugunsten ihrer Eigent\u00fcmer an, und ihre blo\u00dfe Erw\u00e4hnung oder ihr Erscheinen auf der Website impliziert nicht das Bestehen von Rechten oder Verantwortung des Verantwortlichen an ihnen, noch impliziert dies eine Unterst\u00fctzung, ein Sponsoring oder eine Empfehlung daf\u00fcr ihr Teil. .<\/p>\n\n\n\n<p>F\u00fcr alle Bilder, bei denen die Gestaltungssoftware dies zul\u00e4sst, sind die entsprechenden Hinweise auf die Urheberschaft und die entsprechende Lizenz eingef\u00fcgt.<\/p>\n\n\n\n<p>\u00dcber die Kontaktseite k\u00f6nnen Sie jegliche Art von Bemerkungen zu m\u00f6glichen Verst\u00f6\u00dfen gegen geistige oder gewerbliche Eigentumsrechte sowie Inhalte der Website machen.<\/p>","protected":false},"excerpt":{"rendered":"<p>Verantwortlicher f\u00fcr die Datenverarbeitung: In \u00dcbereinstimmung mit der Informationspflicht gem\u00e4\u00df Gesetz 34\/2002 vom 11. Juli \u00fcber Dienste der Informationsgesellschaft und elektronischen Handel teilen wir Ihnen mit, dass diese Website Eigentum von: Object Responsible ist und stellt dieses Dokument Benutzern mit dem zur Verf\u00fcgung \u2026<\/p>","protected":false},"author":1,"featured_media":0,"parent":0,"menu_order":9,"comment_status":"closed","ping_status":"closed","template":"","meta":{"_acf_changed":false,"_kad_blocks_custom_css":"","_kad_blocks_head_custom_js":"","_kad_blocks_body_custom_js":"","_kad_blocks_footer_custom_js":"","_kadence_starter_templates_imported_post":false,"_kad_post_transparent":"","_kad_post_title":"","_kad_post_layout":"narrow","_kad_post_sidebar_id":"","_kad_post_content_style":"","_kad_post_vertical_padding":"","_kad_post_feature":"","_kad_post_feature_position":"","_kad_post_header":false,"_kad_post_footer":false,"footnotes":""},"class_list":["post-2977","page","type-page","status-publish","hentry"],"acf":[],"taxonomy_info":[],"featured_image_src_large":false,"author_info":{"display_name":"eloi","author_link":"https:\/\/onlywoodbcn.net\/de\/author\/eloi\/"},"comment_info":0,"_links":{"self":[{"href":"https:\/\/onlywoodbcn.net\/de\/wp-json\/wp\/v2\/pages\/2977","targetHints":{"allow":["GET"]}}],"collection":[{"href":"https:\/\/onlywoodbcn.net\/de\/wp-json\/wp\/v2\/pages"}],"about":[{"href":"https:\/\/onlywoodbcn.net\/de\/wp-json\/wp\/v2\/types\/page"}],"author":[{"embeddable":true,"href":"https:\/\/onlywoodbcn.net\/de\/wp-json\/wp\/v2\/users\/1"}],"replies":[{"embeddable":true,"href":"https:\/\/onlywoodbcn.net\/de\/wp-json\/wp\/v2\/comments?post=2977"}],"version-history":[{"count":0,"href":"https:\/\/onlywoodbcn.net\/de\/wp-json\/wp\/v2\/pages\/2977\/revisions"}],"wp:attachment":[{"href":"https:\/\/onlywoodbcn.net\/de\/wp-json\/wp\/v2\/media?parent=2977"}],"curies":[{"name":"wp","href":"https:\/\/api.w.org\/{rel}","templated":true}]}}